{"id":2184,"date":"2023-02-06T15:39:32","date_gmt":"2023-02-06T20:39:32","guid":{"rendered":"https:\/\/wp190394.wpdns.ca\/produit\/le-petit-bonheur-maple-aperitif\/"},"modified":"2025-09-17T02:57:08","modified_gmt":"2025-09-17T06:57:08","slug":"le-petit-bonheur-maple-aperitif","status":"publish","type":"product","link":"https:\/\/www.cidreriebilodeau.com\/en\/produit\/le-petit-bonheur-maple-aperitif\/","title":{"rendered":"Le Petit Bonheur (Maple aperitif)"},"content":{"rendered":"<p><em>15% alc\/vol 500ml<\/em><\/p>\n","protected":false},"excerpt":{"rendered":"<p>Le Petit Bonheur (Ap\u00e9ro \u00e0 l&#8217;\u00e9rable) &#8211; 15% alc\/vol 500 ml<\/p>\n<p><strong>TASTING<br \/>\n<\/strong>Smooth, velvety mouthfeel with hints of maple.<\/p>\n<p><strong>SERVING<br \/>\n<\/strong>Perfect as an aperitif, with fine cheeses.<\/p>\n","protected":false},"featured_media":1988,"comment_status":"open","ping_status":"closed","template":"","meta":{"_et_pb_use_builder":"","_et_pb_old_content":"","_et_gb_content_width":""},"product_brand":[],"product_cat":[225],"product_tag":[169,171,178,223],"class_list":{"0":"post-2184","1":"product","2":"type-product","3":"status-publish","4":"has-post-thumbnail","6":"product_cat-alcohol-products","7":"product_tag-alcohol","8":"product_tag-aperitif","9":"product_tag-cider","10":"product_tag-maple","12":"first","13":"outofstock","14":"taxable","15":"shipping-taxable","16":"purchasable","17":"product-type-simple"},"_links":{"self":[{"href":"https:\/\/www.cidreriebilodeau.com\/en\/wp-json\/wp\/v2\/product\/2184","targetHints":{"allow":["GET"]}}],"collection":[{"href":"https:\/\/www.cidreriebilodeau.com\/en\/wp-json\/wp\/v2\/product"}],"about":[{"href":"https:\/\/www.cidreriebilodeau.com\/en\/wp-json\/wp\/v2\/types\/product"}],"replies":[{"embeddable":true,"href":"https:\/\/www.cidreriebilodeau.com\/en\/wp-json\/wp\/v2\/comments?post=2184"}],"wp:featuredmedia":[{"embeddable":true,"href":"https:\/\/www.cidreriebilodeau.com\/en\/wp-json\/wp\/v2\/media\/1988"}],"wp:attachment":[{"href":"https:\/\/www.cidreriebilodeau.com\/en\/wp-json\/wp\/v2\/media?parent=2184"}],"wp:term":[{"taxonomy":"product_brand","embeddable":true,"href":"https:\/\/www.cidreriebilodeau.com\/en\/wp-json\/wp\/v2\/product_brand?post=2184"},{"taxonomy":"product_cat","embeddable":true,"href":"https:\/\/www.cidreriebilodeau.com\/en\/wp-json\/wp\/v2\/product_cat?post=2184"},{"taxonomy":"product_tag","embeddable":true,"href":"https:\/\/www.cidreriebilodeau.com\/en\/wp-json\/wp\/v2\/product_tag?post=2184"}],"curies":[{"name":"wp","href":"https:\/\/api.w.org\/{rel}","templated":true}]}}