{"id":2211,"date":"2023-02-03T14:24:08","date_gmt":"2023-02-03T19:24:08","guid":{"rendered":"https:\/\/wp190394.wpdns.ca\/produit\/ice-cider-jelly\/"},"modified":"2025-02-19T11:05:46","modified_gmt":"2025-02-19T16:05:46","slug":"ice-cider-jelly","status":"publish","type":"product","link":"https:\/\/www.cidreriebilodeau.com\/en\/produit\/ice-cider-jelly\/","title":{"rendered":"Ice Cider Jelly 100 ml"},"content":{"rendered":"<p><em>Available in 100ml.<\/em><\/p>\n","protected":false},"excerpt":{"rendered":"<p>The Ice Cider jelly can be served with p\u00e2t\u00e9s, terrines, sausages, pork chops. Use to garnish your canap\u00e9s.<\/p>\n","protected":false},"featured_media":1965,"comment_status":"open","ping_status":"closed","template":"","meta":{"_et_pb_use_builder":"","_et_pb_old_content":"","_et_gb_content_width":""},"product_brand":[],"product_cat":[227],"product_tag":[211,178,196,195],"class_list":{"0":"post-2211","1":"product","2":"type-product","3":"status-publish","4":"has-post-thumbnail","6":"product_cat-appl","7":"product_tag-apple","8":"product_tag-cider","9":"product_tag-ice","10":"product_tag-jelly","12":"first","13":"instock","14":"purchasable","15":"product-type-simple"},"_links":{"self":[{"href":"https:\/\/www.cidreriebilodeau.com\/en\/wp-json\/wp\/v2\/product\/2211","targetHints":{"allow":["GET"]}}],"collection":[{"href":"https:\/\/www.cidreriebilodeau.com\/en\/wp-json\/wp\/v2\/product"}],"about":[{"href":"https:\/\/www.cidreriebilodeau.com\/en\/wp-json\/wp\/v2\/types\/product"}],"replies":[{"embeddable":true,"href":"https:\/\/www.cidreriebilodeau.com\/en\/wp-json\/wp\/v2\/comments?post=2211"}],"wp:featuredmedia":[{"embeddable":true,"href":"https:\/\/www.cidreriebilodeau.com\/en\/wp-json\/wp\/v2\/media\/1965"}],"wp:attachment":[{"href":"https:\/\/www.cidreriebilodeau.com\/en\/wp-json\/wp\/v2\/media?parent=2211"}],"wp:term":[{"taxonomy":"product_brand","embeddable":true,"href":"https:\/\/www.cidreriebilodeau.com\/en\/wp-json\/wp\/v2\/product_brand?post=2211"},{"taxonomy":"product_cat","embeddable":true,"href":"https:\/\/www.cidreriebilodeau.com\/en\/wp-json\/wp\/v2\/product_cat?post=2211"},{"taxonomy":"product_tag","embeddable":true,"href":"https:\/\/www.cidreriebilodeau.com\/en\/wp-json\/wp\/v2\/product_tag?post=2211"}],"curies":[{"name":"wp","href":"https:\/\/api.w.org\/{rel}","templated":true}]}}