{"id":4110,"date":"2023-06-12T13:11:15","date_gmt":"2023-06-12T17:11:15","guid":{"rendered":"https:\/\/www.cidreriebilodeau.com\/?post_type=product&#038;p=4110"},"modified":"2025-02-19T11:02:52","modified_gmt":"2025-02-19T16:02:52","slug":"english-style-pizza-9in","status":"publish","type":"product","link":"https:\/\/www.cidreriebilodeau.com\/en\/produit\/english-style-pizza-9in\/","title":{"rendered":"English style pizza &#8211; 9in"},"content":{"rendered":"<p><em>9&#8243; format<br \/>\nProduct only available for pick-up in store or at the Grand March\u00e9 kiosk.<\/em><\/p>\n","protected":false},"excerpt":{"rendered":"<p>La Pizza \u00e0 l&#8217;anglaise &#8211; 9po is a pizza that combines our pom-\u00e9rable onion confit and La Conqu\u00eate semi-strong cheese from Fromagerie Les Fromages de l&#8217;isle cooked by Le Resto du Sud, a pure delight!<\/p>\n<p><strong>STORAGE;<\/strong><br \/>\nCan be frozen.<\/p>\n","protected":false},"featured_media":1996,"comment_status":"open","ping_status":"closed","template":"","meta":{"_et_pb_use_builder":"","_et_pb_old_content":"","_et_gb_content_width":""},"product_brand":[],"product_cat":[228],"product_tag":[191,208,209],"class_list":{"0":"post-4110","1":"product","2":"type-product","3":"status-publish","4":"has-post-thumbnail","6":"product_cat-fresh-products","7":"product_tag-cheese","8":"product_tag-onion","9":"product_tag-pizza-en","10":"product_shipping_class-livraison-non-disponible","12":"first","13":"outofstock","14":"purchasable","15":"product-type-simple"},"_links":{"self":[{"href":"https:\/\/www.cidreriebilodeau.com\/en\/wp-json\/wp\/v2\/product\/4110","targetHints":{"allow":["GET"]}}],"collection":[{"href":"https:\/\/www.cidreriebilodeau.com\/en\/wp-json\/wp\/v2\/product"}],"about":[{"href":"https:\/\/www.cidreriebilodeau.com\/en\/wp-json\/wp\/v2\/types\/product"}],"replies":[{"embeddable":true,"href":"https:\/\/www.cidreriebilodeau.com\/en\/wp-json\/wp\/v2\/comments?post=4110"}],"wp:featuredmedia":[{"embeddable":true,"href":"https:\/\/www.cidreriebilodeau.com\/en\/wp-json\/wp\/v2\/media\/1996"}],"wp:attachment":[{"href":"https:\/\/www.cidreriebilodeau.com\/en\/wp-json\/wp\/v2\/media?parent=4110"}],"wp:term":[{"taxonomy":"product_brand","embeddable":true,"href":"https:\/\/www.cidreriebilodeau.com\/en\/wp-json\/wp\/v2\/product_brand?post=4110"},{"taxonomy":"product_cat","embeddable":true,"href":"https:\/\/www.cidreriebilodeau.com\/en\/wp-json\/wp\/v2\/product_cat?post=4110"},{"taxonomy":"product_tag","embeddable":true,"href":"https:\/\/www.cidreriebilodeau.com\/en\/wp-json\/wp\/v2\/product_tag?post=4110"}],"curies":[{"name":"wp","href":"https:\/\/api.w.org\/{rel}","templated":true}]}}